{"id":64,"date":"2020-04-24T10:34:34","date_gmt":"2020-04-24T08:34:34","guid":{"rendered":""},"modified":"2021-05-10T15:23:50","modified_gmt":"2021-05-10T13:23:50","slug":"agb","status":"publish","type":"page","link":"https:\/\/www.meinesel.at\/shop\/?page_id=64","title":{"rendered":"AGB"},"content":{"rendered":"\n<h1 class=\"wp-block-heading\">Allgemeine Gesch\u00e4ftsbedingungen ( AGB )<\/h1>\n\n\n\n<p><strong>&#8222;Mein Esel &#8211; Meine Dienstleistung&#8217;s OG&#8220;<\/strong><\/p>\n\n\n\n<p><strong>1. Geltungsbereich<\/strong><\/p>\n\n\n\n<p>Es gelten die Gesch\u00e4ftsbeziehung zwischen &#8222;<strong>Mein Esel &#8211; Meine Dienstleistung&#8217;s OG<\/strong>&#8222;, im folgenden kurz &#8222;Mein Esel&#8220; genannt, und dem Besteller, ausschlie\u00dflich die nachfolgenden Allgemeinen Gesch\u00e4ftsbedinungen in ihrer zum Zeitpunkt der Bestellung g\u00fcltigen Fassung.<\/p>\n\n\n\n<p>Die nachstehenden Bedienungen gelten f\u00fcr alle Leistungen von &#8222;Mein Esel&#8220; im Rahmen dieses Vertrages. Abweichende Bedienungen, \u00c4nderungen oder Erg\u00e4nzungen dieses Vertrages sind nur Wirksam, wenn sie von &#8222;Mein Esel&#8220; schriftlich best\u00e4tigt worden sind.<\/p>\n\n\n\n<p><strong>2. Vertragsabschlu\u00df<\/strong><\/p>\n\n\n\n<p>Die Darstellung der Produkte im Online-Shop stellt kein rechtlich bindendes Angebot, sondern eine Aufforderung zur Bestellung dar. Irrt\u00fcmer vorbehalten.<\/p>\n\n\n\n<p>Durch anklicken des Buttons &#8222;Jetzt zahlungsbflichtig Bestellen&#8220; geben sie ein verbindliche Bestellung der auf der Bestellseite aufgelisteten Ware ab. Der Kaufvertrag kommt zustande, wenn wir ihre Bestellung durch eine Auftragsbest\u00e4tigung per E-Mail unmittelbar nach dem Erhalt ihrer Bestellung annehmen.<\/p>\n\n\n\n<p><strong>3. Preise<\/strong><\/p>\n\n\n\n<p>Es gelten die aktuellen Preise zum Zeitpunkt der Bestellung, zuz\u00fcglich Versandkosten.<\/p>\n\n\n\n<p>Die angegebenen Preise sind, soweit nicht im Einzelfall ausdr\u00fccklich etwas anderes angegeben ist, stehts freibleibend. Schreib-, Druck-, und Rechenfehler sowie au\u00dferordentliche Preis\u00e4nderungen sind vorbehalten.<\/p>\n\n\n\n<p><strong>4. Versand<\/strong><\/p>\n\n\n\n<p>Die Ware kann in der Lindenstra\u00dfe 16, 4421 Aschach an der Steyr, nach vorheriger Absprache, abgeholt werden. Der Versand der Ware erfolgt auf Gefahr und Kosten des Bestellers. Teillieferungen sind m\u00f6glich und werden gesondert vereinbart. &#8222;Mein Esel&#8220; steht es frei, die Art der Waren-Lieferung und des Transportmittels auszuw\u00e4hlen.<\/p>\n\n\n\n<p>Reklamationen aus Transportsch\u00e4den hat der Besteller sofort nach erhalt der Ware beim Transportunternehmen und bei &#8222;Mein Esel&#8220; schriftlich, sp\u00e4testens jedoch innerhalb von 3 Tagen ab Waren\u00fcbernahme, bekanntzugeben.<\/p>\n\n\n\n<p>Anfallende Zoll und Verzollungskosten sind vom Besteller zu tragen.<\/p>\n\n\n\n<p><strong>5. Zahlungen<\/strong><\/p>\n\n\n\n<p>Die Preise im Online Shop verstehen sich in Euro des jeweils g\u00fcltigen \u00f6sterreichischen Mehrwertsteuersatzes pro Artikel und beinhaltet alle gesetzlichen Abgaben, zus\u00e4tzlich werden die anfallenden Versandkosten in Rechnung gestellt. Die Zahlung kann per \u00dcberweisung, PayPal oder Kreditkarte vorgenommen werden.<\/p>\n\n\n\n<p>Es wird vereinbart, das die Rechnungslegung und Mahnwesen in elektronischer Form abgewickelt wird und dem Kunden per E-Mail zugesandt werden kann.<\/p>\n\n\n\n<p><strong>6. Eigentumsvorbehalt<\/strong><\/p>\n\n\n\n<p>Die gelieferte Ware bleibt bis zur vollst\u00e4ndigen Bezahlung aller gegen den Besteller bestehenden Anspr\u00fcche Eigentum von &#8222;Mein Esel&#8220;.<\/p>\n\n\n\n<p><strong>7. Gew\u00e4hrleistung<\/strong><\/p>\n\n\n\n<p>Tritt bei der gelieferten Ware ein Mangel auf, kann der Besteller vorerst nur den Austausch der Ware verlangen.&nbsp;<\/p>\n\n\n\n<p>Ist die Ersatzlieferung durch &#8222;Mein Esel&#8220; nicht m\u00f6glich oder mit einem unverh\u00e4ltnism\u00e4\u00dfig hohen Aufwand verbunden oder verz\u00f6gert sich die Ersatzlieferung \u00fcber eine angemessene Frist hinaus so ist der Besteller nach seiner Wahl berechtigt vom Vertrag zur\u00fcckzutreten, Ersatzlieferung oder die Refundierung des Kaufpreises zu verlangen.<\/p>\n\n\n\n<p>Weitere Anspr\u00fcche des Bestellers \u2013 gleich aus welchen Rechtsgr\u00fcnden \u2013 sind ausgeschlossen, &#8222;Mein Esel&#8220; haftet nicht f\u00fcr Sch\u00e4den die nicht an der gelieferten Ware selbst entstanden sind, besonders nicht f\u00fcr entgangenen Gewinn des Bestellers.<\/p>\n\n\n\n<p><strong>8. Aufrechnung<\/strong><\/p>\n\n\n\n<p>Das Recht zur Aufrechnung des Bestellers gegen Anspr\u00fcche von &#8222;Mein Esel&#8220; ist ausgeschlossen, es sei denn dieser Gegenanspruch wurde gerichtlich festgestellt oder von &#8222;Mein Esel&#8220; schriftlich anerkannt.<\/p>\n\n\n\n<p><strong>9. Widerrufsbelehrung<\/strong><\/p>\n\n\n\n<p>Besteller hat das Recht, binnen vierzehn Tagen ohne Angabe von Gr\u00fcnden diesen Vertrag zu widerrufen.&nbsp;<\/p>\n\n\n\n<p>Die Widerrufsfrist betr\u00e4gt vierzehn Tage ab dem Tag, an dem Besteller oder ein vom Besteller benannter Dritter, der nicht der Bef\u00f6rderer ist, die letzte Ware in Besitz genommen hat.&nbsp;<\/p>\n\n\n\n<p>Um das Widerrufsrecht auszu\u00fcben, muss Besteller, &#8222;Mein Esel&#8220; mittels einer eindeutigen Erkl\u00e4rung (z.B. ein mit der Post versandter Brief oder E-Mail) \u00fcber deinen Entschluss, diesen Vertrag zu widerrufen, informieren.\u00a0\u00a0<\/p>\n\n\n\n<p>Zur Wahrung der Widerrufsfrist reicht es aus, dass die Mitteilung \u00fcber die Aus\u00fcbung des Widerrufsrechts vor Ablauf der Widerrufsfrist gesedet wird.<\/p>\n\n\n\n<p>Gem\u00e4\u00df \u00a7 18 FAGG hat der Besteller (neben weiteren Ausnahmen) kein R\u00fccktrittsrecht bei Waren, die schnell verderben k\u00f6nnen oder deren Verfallsdatum schnell \u00fcberschritten werden w\u00fcrde. Waren,die nach Kundenspezifikationen angefertigt oder eindeutig auf die pers\u00f6nlichen Bed\u00fcrfnisse zugeschnitten werden.&nbsp;<\/p>\n\n\n\n<p>Waren, die versiegelt geliefert werden und aus Gr\u00fcnden des Gesundheitsschutzes oder aus Hygienegr\u00fcnden nicht zur R\u00fcckgabe geeignet sind, sofern deren Versiegelung nach der Lieferung entfernt wurde.<\/p>\n\n\n\n<p><strong>10. Folgen des Widerrufs<\/strong><\/p>\n\n\n\n<p>Wenn Besteller diesen Vertrag widerruft, haben wir alle Zahlungen, die wir von Besteller erhalten haben, einschlie\u00dflich der Lieferkosten&nbsp;<\/p>\n\n\n\n<p>(mit Ausnahme der zus\u00e4tzlichen Kosten, die sich daraus ergeben, dass Besteller eine andere Art der Lieferung als die von uns angebotene, g\u00fcnstigste Standardlieferung gew\u00e4hlt haben), unverz\u00fcglich und sp\u00e4testens&nbsp;<\/p>\n\n\n\n<p>binnen vierzehn Tagen ab dem Tag zur\u00fcckzuzahlen, an dem die Mitteilung \u00fcber den Widerruf dieses Vertrags bei uns eingegangen ist.&nbsp;<\/p>\n\n\n\n<p>F\u00fcr diese R\u00fcckzahlung verwenden wir dasselbe Zahlungsmittel, das Besteller bei der urspr\u00fcnglichen Transaktion eingesetzt hatt, es sei denn, es wurde ausdr\u00fccklich etwas anderes vereinbart.&nbsp;<\/p>\n\n\n\n<p>In keinem Fall werden dem Besteller wegen dieser R\u00fcckzahlung Entgelte berechnet. Wir k\u00f6nnen die R\u00fcckzahlung verweigern, bis wir die Waren wieder zur\u00fcckerhalten haben oder bis der Nachweis erbracht wurde,&nbsp;<\/p>\n\n\n\n<p>dass die Waren zur\u00fcckgesedet wurde, je nachdem, welches der fr\u00fchere Zeitpunkt ist.<\/p>\n\n\n\n<p>Besteller tr\u00e4gt die unmittelbaren Kosten der R\u00fccksendung der Waren, &#8222;Mein Esel&#8220; beh\u00e4lt sich bei der R\u00fcckzahlung des Kaufbetrages gegebenenfalls eine durch Ingebrauchnahme der Ware entstandene Wertminderung ein.\u00a0<\/p>\n\n\n\n<p>Besteller musst f\u00fcr einen etwaigen Wertverlust der Waren nur aufkommen, wenn dieser Wertverlust auf einen zur Pr\u00fcfung der Beschaffenheit,&nbsp;<\/p>\n\n\n\n<p>Eigenschaften und Funktionsweise der Waren nicht notwendigen Umgang mit Besteller zur\u00fcckzuf\u00fchren ist.<\/p>\n\n\n\n<p>Besteller muss die Waren unverz\u00fcglich und in jedem Fall sp\u00e4testens binnen vierzehn Tagen ab dem Tag, an dem Besteller uns \u00fcber den Widerruf dieses Vertrags unterrichtest,&nbsp;<\/p>\n\n\n\n<p>an &#8222;Mein Esel &#8211; Meine Dienstleistung&#8217;s OG&#8220; Lindenstra\u00dfe 16, 4421 Aschach an der Steyr, zur\u00fcckzusenden oder uns zu \u00fcbergeben.\u00a0<\/p>\n\n\n\n<p>Die Frist ist gew\u00e4hrt, wenn Besteller die Waren vor Ablauf der Frist von vierzehn Tagen absendet.<\/p>\n\n\n\n<p><strong>11. Reklamationen<\/strong><\/p>\n\n\n\n<p>Im Fall von Reklamationen oder Beschwerden wird um Kontaktaufnahme mit Naschkiste unter der E-Mail Adresse office@naschkiste.at ersucht.<\/p>\n\n\n\n<p>&nbsp;<strong>17. Gerichtsstand, Anwendbares Recht<\/strong><\/p>\n\n\n\n<p>F\u00fcr Vertr\u00e4ge mit Unternehmen ist das f\u00fcr den Sitz von &#8222;Mein Esel&#8220; sachlich und \u00f6rtlich zust\u00e4ndige Gericht ausschlie\u00dflich als Gerichtsstand vereinbart.\u00a0<\/p>\n\n\n\n<p>F\u00fcr Vertr\u00e4ge mit Verbrauchern aus einem Mitgliedstaat der EU hat der Verbraucher die Wahl zwischen seinem Wohnsitzgericht und dem Gerichtsstand am Sitz des Unternehmens.&nbsp;<\/p>\n\n\n\n<p>Die Vertragsparteien vereinbaren, soweit keine zwingenden gesetzlichen Bestimmungen entgegenstehen, die Anwendbarkeit \u00f6sterreichischen Rechts. Das UN-<\/p>\n\n\n\n<p>Kaufrecht sowie s\u00e4mtliche Bestimmungen, die sich auf das UN Kaufrecht beziehen, werden ausdr\u00fccklich ausgeschlossen.&nbsp;<\/p>\n\n\n\n<p>F\u00fcr Verbraucher innerhalb der EU gelten deren nationale zwingende verbraucherrechtliche Bestimmungen, es sei denn, die jeweiligen \u00f6sterreichischen Bestimmungen sind f\u00fcr den Verbraucher g\u00fcnstiger.<\/p>\n","protected":false},"excerpt":{"rendered":"<p>Allgemeine Gesch\u00e4ftsbedingungen ( AGB ) &#8222;Mein Esel &#8211; Meine Dienstleistung&#8217;s OG&#8220; 1. Geltungsbereich Es gelten die Gesch\u00e4ftsbeziehung zwischen &#8222;Mein Esel &#8211; Meine Dienstleistung&#8217;s OG&#8222;, im folgenden kurz &#8222;Mein Esel&#8220; genannt, und dem Besteller, ausschlie\u00dflich die nachfolgenden Allgemeinen Gesch\u00e4ftsbedinungen in ihrer zum Zeitpunkt der Bestellung g\u00fcltigen Fassung. Die nachstehenden Bedienungen gelten f\u00fcr alle Leistungen von &#8222;Mein &hellip; <\/p>\n<p class=\"link-more\"><a href=\"https:\/\/www.meinesel.at\/shop\/?page_id=64\" class=\"more-link\"><span class=\"screen-reader-text\">\u201eAGB\u201c<\/span> weiterlesen<\/a><\/p>\n","protected":false},"author":1,"featured_media":0,"parent":0,"menu_order":0,"comment_status":"closed","ping_status":"closed","template":"","meta":{"footnotes":""},"class_list":["post-64","page","type-page","status-publish","hentry"],"jetpack_sharing_enabled":true,"_links":{"self":[{"href":"https:\/\/www.meinesel.at\/shop\/index.php?rest_route=\/wp\/v2\/pages\/64","targetHints":{"allow":["GET"]}}],"collection":[{"href":"https:\/\/www.meinesel.at\/shop\/index.php?rest_route=\/wp\/v2\/pages"}],"about":[{"href":"https:\/\/www.meinesel.at\/shop\/index.php?rest_route=\/wp\/v2\/types\/page"}],"author":[{"embeddable":true,"href":"https:\/\/www.meinesel.at\/shop\/index.php?rest_route=\/wp\/v2\/users\/1"}],"replies":[{"embeddable":true,"href":"https:\/\/www.meinesel.at\/shop\/index.php?rest_route=%2Fwp%2Fv2%2Fcomments&post=64"}],"version-history":[{"count":1,"href":"https:\/\/www.meinesel.at\/shop\/index.php?rest_route=\/wp\/v2\/pages\/64\/revisions"}],"predecessor-version":[{"id":443,"href":"https:\/\/www.meinesel.at\/shop\/index.php?rest_route=\/wp\/v2\/pages\/64\/revisions\/443"}],"wp:attachment":[{"href":"https:\/\/www.meinesel.at\/shop\/index.php?rest_route=%2Fwp%2Fv2%2Fmedia&parent=64"}],"curies":[{"name":"wp","href":"https:\/\/api.w.org\/{rel}","templated":true}]}}