{"id":115,"date":"2020-04-24T14:43:35","date_gmt":"2020-04-24T12:43:35","guid":{"rendered":"http:\/\/www.meinesel.at\/shop\/?post_type=product&#038;p=115"},"modified":"2024-02-04T10:46:43","modified_gmt":"2024-02-04T09:46:43","slug":"05-liter-flasche","status":"publish","type":"product","link":"https:\/\/www.meinesel.at\/shop\/?product=05-liter-flasche","title":{"rendered":"0,5 Liter Flasche"},"content":{"rendered":"<p>0,5 Liter unseres handverlesenen Oliven\u00f6ls abgef\u00fcllt in einer Buntglasflasche<br \/>\nf\u00fcr l\u00e4ngere Frische und Haltbarkeit<\/p>\n","protected":false},"excerpt":{"rendered":"<p>0,5 Liter unseres handverlesenen Oliven\u00f6ls abgef\u00fcllt in einer Buntglasflasche f\u00fcr l\u00e4ngere Frische und Haltbarkeit<\/p>\n","protected":false},"featured_media":74,"template":"","meta":[],"product_cat":[36],"product_tag":[],"class_list":{"0":"post-115","1":"product","2":"type-product","3":"status-publish","4":"has-post-thumbnail","6":"product_cat-olivenoel","8":"first","9":"instock","10":"sale","11":"taxable","12":"shipping-taxable","13":"purchasable","14":"product-type-simple"},"jetpack_sharing_enabled":true,"_links":{"self":[{"href":"https:\/\/www.meinesel.at\/shop\/index.php?rest_route=\/wp\/v2\/product\/115","targetHints":{"allow":["GET"]}}],"collection":[{"href":"https:\/\/www.meinesel.at\/shop\/index.php?rest_route=\/wp\/v2\/product"}],"about":[{"href":"https:\/\/www.meinesel.at\/shop\/index.php?rest_route=\/wp\/v2\/types\/product"}],"wp:featuredmedia":[{"embeddable":true,"href":"https:\/\/www.meinesel.at\/shop\/index.php?rest_route=\/wp\/v2\/media\/74"}],"wp:attachment":[{"href":"https:\/\/www.meinesel.at\/shop\/index.php?rest_route=%2Fwp%2Fv2%2Fmedia&parent=115"}],"wp:term":[{"taxonomy":"product_cat","embeddable":true,"href":"https:\/\/www.meinesel.at\/shop\/index.php?rest_route=%2Fwp%2Fv2%2Fproduct_cat&post=115"},{"taxonomy":"product_tag","embeddable":true,"href":"https:\/\/www.meinesel.at\/shop\/index.php?rest_route=%2Fwp%2Fv2%2Fproduct_tag&post=115"}],"curies":[{"name":"wp","href":"https:\/\/api.w.org\/{rel}","templated":true}]}}