{"id":387,"date":"2020-05-18T17:41:32","date_gmt":"2020-05-18T15:41:32","guid":{"rendered":"http:\/\/www.meinesel.at\/shop\/?post_type=product&#038;p=387"},"modified":"2025-03-24T07:31:25","modified_gmt":"2025-03-24T06:31:25","slug":"olivenoelsalbe-mit-ringelblume-und-wilder-rose","status":"publish","type":"product","link":"https:\/\/www.meinesel.at\/shop\/?product=olivenoelsalbe-mit-ringelblume-und-wilder-rose","title":{"rendered":"Oliven\u00f6lsalbe mit Lavendel und Zitrone"},"content":{"rendered":"<p>Handgemachte Salbe mit Oliven\u00f6l und Bienenwachs, aus Peloponnes Griechenland,<br \/>\nLavendel und Zitrone,<br \/>\nkeine Zus\u00e4tze, wirkt sehr wohltuend gegen gereizte und trockene Haut, hautkl\u00e4rend<\/p>\n","protected":false},"excerpt":{"rendered":"<p>Handgemachte Salbe mit Oliven\u00f6l und Bienenwachs, aus Peloponnes Griechenland, Lavendel und Zitrone, keine Zus\u00e4tze, wirkt sehr wohltuend gegen gereizte und trockene Haut, hautkl\u00e4rend<\/p>\n","protected":false},"featured_media":108,"template":"","meta":[],"product_cat":[38],"product_tag":[],"class_list":{"0":"post-387","1":"product","2":"type-product","3":"status-publish","4":"has-post-thumbnail","6":"product_cat-eselpflege","8":"first","9":"outofstock","10":"sale","11":"taxable","12":"shipping-taxable","13":"purchasable","14":"product-type-simple"},"jetpack_sharing_enabled":true,"_links":{"self":[{"href":"https:\/\/www.meinesel.at\/shop\/index.php?rest_route=\/wp\/v2\/product\/387","targetHints":{"allow":["GET"]}}],"collection":[{"href":"https:\/\/www.meinesel.at\/shop\/index.php?rest_route=\/wp\/v2\/product"}],"about":[{"href":"https:\/\/www.meinesel.at\/shop\/index.php?rest_route=\/wp\/v2\/types\/product"}],"wp:featuredmedia":[{"embeddable":true,"href":"https:\/\/www.meinesel.at\/shop\/index.php?rest_route=\/wp\/v2\/media\/108"}],"wp:attachment":[{"href":"https:\/\/www.meinesel.at\/shop\/index.php?rest_route=%2Fwp%2Fv2%2Fmedia&parent=387"}],"wp:term":[{"taxonomy":"product_cat","embeddable":true,"href":"https:\/\/www.meinesel.at\/shop\/index.php?rest_route=%2Fwp%2Fv2%2Fproduct_cat&post=387"},{"taxonomy":"product_tag","embeddable":true,"href":"https:\/\/www.meinesel.at\/shop\/index.php?rest_route=%2Fwp%2Fv2%2Fproduct_tag&post=387"}],"curies":[{"name":"wp","href":"https:\/\/api.w.org\/{rel}","templated":true}]}}