{"id":389,"date":"2020-05-19T08:38:33","date_gmt":"2020-05-19T06:38:33","guid":{"rendered":"https:\/\/www.meinesel.at\/shop\/?post_type=product&#038;p=389"},"modified":"2025-01-20T07:38:23","modified_gmt":"2025-01-20T06:38:23","slug":"5-liter-kanister-olivenoel","status":"publish","type":"product","link":"https:\/\/www.meinesel.at\/shop\/?product=5-liter-kanister-olivenoel","title":{"rendered":"5 Liter Kanister Oliven\u00f6l"},"content":{"rendered":"<p>F\u00fcr Alle die gar nicht genug von unserem \u00d6l bekommen k\u00f6nnen, gibt es<br \/>\nunser handverlesenes extra natives Oliven\u00f6l auch abgef\u00fcllt im 5 Liter<br \/>\nFrischhaltekanister.<\/p>\n<p>&nbsp;<\/p>\n<p>&nbsp;<\/p>\n<p>&nbsp;<\/p>\n","protected":false},"excerpt":{"rendered":"<p>5 Liter Kanister Oliven\u00f6l<\/p>\n","protected":false},"featured_media":73,"template":"","meta":[],"product_cat":[36],"product_tag":[],"class_list":{"0":"post-389","1":"product","2":"type-product","3":"status-publish","4":"has-post-thumbnail","6":"product_cat-olivenoel","8":"first","9":"instock","10":"sale","11":"taxable","12":"shipping-taxable","13":"purchasable","14":"product-type-simple"},"jetpack_sharing_enabled":true,"_links":{"self":[{"href":"https:\/\/www.meinesel.at\/shop\/index.php?rest_route=\/wp\/v2\/product\/389","targetHints":{"allow":["GET"]}}],"collection":[{"href":"https:\/\/www.meinesel.at\/shop\/index.php?rest_route=\/wp\/v2\/product"}],"about":[{"href":"https:\/\/www.meinesel.at\/shop\/index.php?rest_route=\/wp\/v2\/types\/product"}],"wp:featuredmedia":[{"embeddable":true,"href":"https:\/\/www.meinesel.at\/shop\/index.php?rest_route=\/wp\/v2\/media\/73"}],"wp:attachment":[{"href":"https:\/\/www.meinesel.at\/shop\/index.php?rest_route=%2Fwp%2Fv2%2Fmedia&parent=389"}],"wp:term":[{"taxonomy":"product_cat","embeddable":true,"href":"https:\/\/www.meinesel.at\/shop\/index.php?rest_route=%2Fwp%2Fv2%2Fproduct_cat&post=389"},{"taxonomy":"product_tag","embeddable":true,"href":"https:\/\/www.meinesel.at\/shop\/index.php?rest_route=%2Fwp%2Fv2%2Fproduct_tag&post=389"}],"curies":[{"name":"wp","href":"https:\/\/api.w.org\/{rel}","templated":true}]}}