{"id":413,"date":"2020-05-19T11:41:05","date_gmt":"2020-05-19T09:41:05","guid":{"rendered":"https:\/\/www.meinesel.at\/shop\/?post_type=product&#038;p=413"},"modified":"2024-03-01T08:35:37","modified_gmt":"2024-03-01T07:35:37","slug":"messinian-spa-handcreme-zitrone-calendula-100ml","status":"publish","type":"product","link":"https:\/\/www.meinesel.at\/shop\/?product=messinian-spa-handcreme-zitrone-calendula-100ml","title":{"rendered":"Messinian Spa Handcreme Zitrone-Calendula 100ml"},"content":{"rendered":"<p>mit Zitrone, Calendula (Ringelblume)<br \/>\nArnika, Salbei, Johanniskraut, Aloe, Vitaminen und Wirkstoffen,<br \/>\ndie die Haut mit Feuchtigkeit versorgen, geschmeidig machen und<br \/>\ngleichzeitig n\u00e4hren, den Alterungsprozess der Haut verlangsamen<br \/>\nsowie die Bildung von braunen Flecken bek\u00e4mpfen, Ideal f\u00fcr rissige<br \/>\nH\u00e4nde und Ellbogen.<\/p>\n","protected":false},"excerpt":{"rendered":"<p>mit Zitrone, Calendula (Ringelblume) Arnika, Salbei, Johanniskraut, Aloe, Vitaminen und Wirkstoffen, die die Haut mit Feuchtigkeit versorgen, geschmeidig machen und gleichzeitig n\u00e4hren, den Alterungsprozess der Haut verlangsamen sowie die Bildung von braunen Flecken bek\u00e4mpfen, Ideal f\u00fcr rissige H\u00e4nde und Ellbogen.<\/p>\n","protected":false},"featured_media":82,"template":"","meta":[],"product_cat":[15],"product_tag":[],"class_list":{"0":"post-413","1":"product","2":"type-product","3":"status-publish","4":"has-post-thumbnail","6":"product_cat-messinian-spa","8":"first","9":"instock","10":"sale","11":"taxable","12":"shipping-taxable","13":"purchasable","14":"product-type-simple"},"jetpack_sharing_enabled":true,"_links":{"self":[{"href":"https:\/\/www.meinesel.at\/shop\/index.php?rest_route=\/wp\/v2\/product\/413","targetHints":{"allow":["GET"]}}],"collection":[{"href":"https:\/\/www.meinesel.at\/shop\/index.php?rest_route=\/wp\/v2\/product"}],"about":[{"href":"https:\/\/www.meinesel.at\/shop\/index.php?rest_route=\/wp\/v2\/types\/product"}],"wp:featuredmedia":[{"embeddable":true,"href":"https:\/\/www.meinesel.at\/shop\/index.php?rest_route=\/wp\/v2\/media\/82"}],"wp:attachment":[{"href":"https:\/\/www.meinesel.at\/shop\/index.php?rest_route=%2Fwp%2Fv2%2Fmedia&parent=413"}],"wp:term":[{"taxonomy":"product_cat","embeddable":true,"href":"https:\/\/www.meinesel.at\/shop\/index.php?rest_route=%2Fwp%2Fv2%2Fproduct_cat&post=413"},{"taxonomy":"product_tag","embeddable":true,"href":"https:\/\/www.meinesel.at\/shop\/index.php?rest_route=%2Fwp%2Fv2%2Fproduct_tag&post=413"}],"curies":[{"name":"wp","href":"https:\/\/api.w.org\/{rel}","templated":true}]}}