{"id":419,"date":"2020-05-19T12:28:11","date_gmt":"2020-05-19T10:28:11","guid":{"rendered":"https:\/\/www.meinesel.at\/shop\/?post_type=product&#038;p=419"},"modified":"2023-10-31T16:06:06","modified_gmt":"2023-10-31T15:06:06","slug":"griechischer-bergtee-50g","status":"publish","type":"product","link":"https:\/\/www.meinesel.at\/shop\/?product=griechischer-bergtee-50g","title":{"rendered":"Griechischer Bergtee 50g"},"content":{"rendered":"<p>griechisches Eisenkraut &#8211; mild s\u00fc\u00dflicher Geschmack<br \/>\nDiese Heilpflanze aus dem Taygetosgebierge am Peloponnes<br \/>\nwird schon seit der Antike von Hand gepfl\u00fcckt und f\u00fcr seine gesundheitsf\u00f6rdernde Wirkung gesch\u00e4tzt.<\/p>\n<p>Echt lecker und wohltuend f\u00fcr Magen\/Darm etc&#8230;<\/p>\n","protected":false},"excerpt":{"rendered":"<p>Griechischer Bergtee 50g<\/p>\n","protected":false},"featured_media":80,"template":"","meta":[],"product_cat":[36],"product_tag":[],"class_list":{"0":"post-419","1":"product","2":"type-product","3":"status-publish","4":"has-post-thumbnail","6":"product_cat-olivenoel","8":"first","9":"instock","10":"sale","11":"taxable","12":"shipping-taxable","13":"purchasable","14":"product-type-simple"},"jetpack_sharing_enabled":true,"_links":{"self":[{"href":"https:\/\/www.meinesel.at\/shop\/index.php?rest_route=\/wp\/v2\/product\/419","targetHints":{"allow":["GET"]}}],"collection":[{"href":"https:\/\/www.meinesel.at\/shop\/index.php?rest_route=\/wp\/v2\/product"}],"about":[{"href":"https:\/\/www.meinesel.at\/shop\/index.php?rest_route=\/wp\/v2\/types\/product"}],"wp:featuredmedia":[{"embeddable":true,"href":"https:\/\/www.meinesel.at\/shop\/index.php?rest_route=\/wp\/v2\/media\/80"}],"wp:attachment":[{"href":"https:\/\/www.meinesel.at\/shop\/index.php?rest_route=%2Fwp%2Fv2%2Fmedia&parent=419"}],"wp:term":[{"taxonomy":"product_cat","embeddable":true,"href":"https:\/\/www.meinesel.at\/shop\/index.php?rest_route=%2Fwp%2Fv2%2Fproduct_cat&post=419"},{"taxonomy":"product_tag","embeddable":true,"href":"https:\/\/www.meinesel.at\/shop\/index.php?rest_route=%2Fwp%2Fv2%2Fproduct_tag&post=419"}],"curies":[{"name":"wp","href":"https:\/\/api.w.org\/{rel}","templated":true}]}}