{"id":424,"date":"2020-05-20T21:41:36","date_gmt":"2020-05-20T19:41:36","guid":{"rendered":"https:\/\/www.meinesel.at\/shop\/?post_type=product&#038;p=424"},"modified":"2024-03-01T08:43:28","modified_gmt":"2024-03-01T07:43:28","slug":"messinian-spa-braeunungsoel-lsf15-250ml","status":"publish","type":"product","link":"https:\/\/www.meinesel.at\/shop\/?product=messinian-spa-braeunungsoel-lsf15-250ml","title":{"rendered":"Messinian Spa Br\u00e4unungs\u00f6l LSF15 250ml"},"content":{"rendered":"<p>Br\u00e4unungs\u00f6l f\u00fcr Gesicht und K\u00f6rper mit Walnuss &amp; Karotte<br \/>\nDie Sonnenpflege bietet Schutz vor UVA\/B Strahlen und<br \/>\nverleiht gleichzeitig deiner Haut eine nat\u00fcrliche Br\u00e4une. Sie zieht schnell<br \/>\nein, fettet und klebt nicht und ist wasserfest.<\/p>\n<p><em><strong>Anwendung:<\/strong>\u00a0Tragen Sie die\u00a0Sonnencreme 20 Minuten vor dem Sonnenbad auf und wiederholen Sie\u00a0die Anwendung oft w\u00e4hrend des Tages und speziell nach dem Baden. Vermeiden Sie lange Sonnenzeiten, besonders zur Mittagszeit. Sch\u00fctzen Sie Babys und Kleinkinder vor direkter Sonneneinstrahlung.<\/em><\/p>\n<ul>\n<li><em>frei von Parabenen<\/em><\/li>\n<li><em>Dermatologisch getestet<\/em><\/li>\n<li><em>tierversuchsfrei<\/em><\/li>\n<\/ul>\n","protected":false},"excerpt":{"rendered":"<p>Messinian Spa Br\u00e4unungs\u00f6l LSF15 250ml<\/p>\n","protected":false},"featured_media":87,"template":"","meta":[],"product_cat":[37,15],"product_tag":[],"class_list":{"0":"post-424","1":"product","2":"type-product","3":"status-publish","4":"has-post-thumbnail","6":"product_cat-pflege","7":"product_cat-messinian-spa","9":"first","10":"instock","11":"sale","12":"taxable","13":"shipping-taxable","14":"purchasable","15":"product-type-simple"},"jetpack_sharing_enabled":true,"_links":{"self":[{"href":"https:\/\/www.meinesel.at\/shop\/index.php?rest_route=\/wp\/v2\/product\/424","targetHints":{"allow":["GET"]}}],"collection":[{"href":"https:\/\/www.meinesel.at\/shop\/index.php?rest_route=\/wp\/v2\/product"}],"about":[{"href":"https:\/\/www.meinesel.at\/shop\/index.php?rest_route=\/wp\/v2\/types\/product"}],"wp:featuredmedia":[{"embeddable":true,"href":"https:\/\/www.meinesel.at\/shop\/index.php?rest_route=\/wp\/v2\/media\/87"}],"wp:attachment":[{"href":"https:\/\/www.meinesel.at\/shop\/index.php?rest_route=%2Fwp%2Fv2%2Fmedia&parent=424"}],"wp:term":[{"taxonomy":"product_cat","embeddable":true,"href":"https:\/\/www.meinesel.at\/shop\/index.php?rest_route=%2Fwp%2Fv2%2Fproduct_cat&post=424"},{"taxonomy":"product_tag","embeddable":true,"href":"https:\/\/www.meinesel.at\/shop\/index.php?rest_route=%2Fwp%2Fv2%2Fproduct_tag&post=424"}],"curies":[{"name":"wp","href":"https:\/\/api.w.org\/{rel}","templated":true}]}}