{"id":431,"date":"2020-05-20T22:36:07","date_gmt":"2020-05-20T20:36:07","guid":{"rendered":"https:\/\/www.meinesel.at\/shop\/?post_type=product&#038;p=431"},"modified":"2025-03-24T07:22:28","modified_gmt":"2025-03-24T06:22:28","slug":"gesichtssonnenschutz-mattierend-lsf30-50-ml","status":"publish","type":"product","link":"https:\/\/www.meinesel.at\/shop\/?product=gesichtssonnenschutz-mattierend-lsf30-50-ml","title":{"rendered":"Gesichtssonnenschutz, mattierend LSF30 50 ml"},"content":{"rendered":"<p><em>Leicht\u00a0mattierende,\u00a0nicht fettende\u00a0Sonnencreme\u00a0speziell f\u00fcrs\u00a0Gesicht:\u00a0Hilft vorzeitige Hautalterung durch Sonnensch\u00e4den zu verhindern. Die\u00a0Sonnencreme\u00a0enth\u00e4lt eine innovative Mischung aus\u00a0S\u00fc\u00dfholzwurzelextrakt, Soja-Isoflavonen, Niacinamid, Ceramid, Zink-PCA\u00a0und mehr, die die\u00a0Gesichtshaut\u00a0vor einer\u00a0\u00fcbersch\u00fcssigen Talgproduktion sch\u00fctzen,\u00a0ohne die Poren zu verstopfen.<br \/>\nNat\u00fcrlich mattierende Inhaltsstoffe tragen zu einem\u00a0samtigen\u00a0und\u00a0fettfreien Hautgef\u00fchl\u00a0bei.\u00a0<\/em><\/p>\n<p><em>Geeignet f\u00fcr alle Hauttypen. Ideal f\u00fcr\u00a0fettige Haut, Mischhaut\u00a0und zu\u00a0Akne\u00a0neigender Haut. Auch\u00a0f\u00fcr\u00a0junge\u00a0und\u00a0reife\u00a0Haut\u00a0geeignet.<\/em><\/p>\n<p><em><strong>Anwendung:<\/strong>\u00a0Tragen Sie die\u00a0Sonnencreme 20 Minuten vor dem Sonnenbad auf und wiederholen Sie\u00a0die Anwendung oft w\u00e4hrend des Tages und speziell nach dem Baden. Vermeiden Sie lange Sonnenzeiten, besonders zur Mittagszeit. Sch\u00fctzen Sie Babys und Kleinkinder vor direkter Sonneneinstrahlung.<\/em><\/p>\n<ul>\n<li><em>frei von Parabenen<\/em><\/li>\n<li><em>Dermatologisch getestet<\/em><\/li>\n<li><em>tierversuchsfrei<\/em><\/li>\n<\/ul>\n","protected":false},"excerpt":{"rendered":"<p>Gesichtssonnenschutz, mattierend LSF30 50 ml<\/p>\n","protected":false},"featured_media":88,"template":"","meta":[],"product_cat":[37,15],"product_tag":[],"class_list":{"0":"post-431","1":"product","2":"type-product","3":"status-publish","4":"has-post-thumbnail","6":"product_cat-pflege","7":"product_cat-messinian-spa","9":"first","10":"instock","11":"sale","12":"taxable","13":"shipping-taxable","14":"purchasable","15":"product-type-simple"},"jetpack_sharing_enabled":true,"_links":{"self":[{"href":"https:\/\/www.meinesel.at\/shop\/index.php?rest_route=\/wp\/v2\/product\/431","targetHints":{"allow":["GET"]}}],"collection":[{"href":"https:\/\/www.meinesel.at\/shop\/index.php?rest_route=\/wp\/v2\/product"}],"about":[{"href":"https:\/\/www.meinesel.at\/shop\/index.php?rest_route=\/wp\/v2\/types\/product"}],"wp:featuredmedia":[{"embeddable":true,"href":"https:\/\/www.meinesel.at\/shop\/index.php?rest_route=\/wp\/v2\/media\/88"}],"wp:attachment":[{"href":"https:\/\/www.meinesel.at\/shop\/index.php?rest_route=%2Fwp%2Fv2%2Fmedia&parent=431"}],"wp:term":[{"taxonomy":"product_cat","embeddable":true,"href":"https:\/\/www.meinesel.at\/shop\/index.php?rest_route=%2Fwp%2Fv2%2Fproduct_cat&post=431"},{"taxonomy":"product_tag","embeddable":true,"href":"https:\/\/www.meinesel.at\/shop\/index.php?rest_route=%2Fwp%2Fv2%2Fproduct_tag&post=431"}],"curies":[{"name":"wp","href":"https:\/\/api.w.org\/{rel}","templated":true}]}}