{"id":70,"date":"2020-04-24T14:24:22","date_gmt":"2020-04-24T12:24:22","guid":{"rendered":"http:\/\/www.meinesel.at\/shop\/?post_type=product&#038;p=70"},"modified":"2025-01-20T07:39:10","modified_gmt":"2025-01-20T06:39:10","slug":"1-liter-olivenoel","status":"publish","type":"product","link":"https:\/\/www.meinesel.at\/shop\/?product=1-liter-olivenoel","title":{"rendered":"1 Liter Oliven\u00f6l"},"content":{"rendered":"<p>Unser handverlersenes extra natives fruchtig gschmackies Oliven\u00f6l abgef\u00fcllt<br \/>\nin einer Dose damit der Geschmack auch lange so bleibt&#8230;<\/p>\n","protected":false},"excerpt":{"rendered":"<p>Unser handverlersenes extra natives fruchtig gschmackies Oliven\u00f6l abgef\u00fcllt in einer Dose damit der Geschmack auch lange so bleibt&#8230;<\/p>\n","protected":false},"featured_media":73,"template":"","meta":[],"product_cat":[36],"product_tag":[],"class_list":{"0":"post-70","1":"product","2":"type-product","3":"status-publish","4":"has-post-thumbnail","6":"product_cat-olivenoel","8":"first","9":"instock","10":"sale","11":"taxable","12":"shipping-taxable","13":"purchasable","14":"product-type-simple"},"jetpack_sharing_enabled":true,"_links":{"self":[{"href":"https:\/\/www.meinesel.at\/shop\/index.php?rest_route=\/wp\/v2\/product\/70","targetHints":{"allow":["GET"]}}],"collection":[{"href":"https:\/\/www.meinesel.at\/shop\/index.php?rest_route=\/wp\/v2\/product"}],"about":[{"href":"https:\/\/www.meinesel.at\/shop\/index.php?rest_route=\/wp\/v2\/types\/product"}],"wp:featuredmedia":[{"embeddable":true,"href":"https:\/\/www.meinesel.at\/shop\/index.php?rest_route=\/wp\/v2\/media\/73"}],"wp:attachment":[{"href":"https:\/\/www.meinesel.at\/shop\/index.php?rest_route=%2Fwp%2Fv2%2Fmedia&parent=70"}],"wp:term":[{"taxonomy":"product_cat","embeddable":true,"href":"https:\/\/www.meinesel.at\/shop\/index.php?rest_route=%2Fwp%2Fv2%2Fproduct_cat&post=70"},{"taxonomy":"product_tag","embeddable":true,"href":"https:\/\/www.meinesel.at\/shop\/index.php?rest_route=%2Fwp%2Fv2%2Fproduct_tag&post=70"}],"curies":[{"name":"wp","href":"https:\/\/api.w.org\/{rel}","templated":true}]}}